{"id":42,"date":"2023-09-20T16:31:25","date_gmt":"2023-09-20T14:31:25","guid":{"rendered":"https:\/\/guide-connect.com\/?page_id=42"},"modified":"2023-09-20T16:31:25","modified_gmt":"2023-09-20T14:31:25","slug":"contact-devis","status":"publish","type":"page","link":"https:\/\/guide-connect.com\/index.php\/contact-devis\/","title":{"rendered":"Contact devis"},"content":{"rendered":"\n<div class=\"wp-block-kadence-spacer aligncenter kt-block-spacer-_e97ff0-aa\"><div class=\"kt-block-spacer kt-block-spacer-halign-center\"><hr class=\"kt-divider\"\/><\/div><\/div>\n\n\n\n<h2 class=\"wp-block-heading\">Veuillez remplir le contact, pour \u00eatre appel\u00e9 ou vous inscrire \u00e0 la prochaine d\u00e9monstration en ligne.<\/h2>\n\n\n\n<div class=\"wp-block-kadence-spacer aligncenter kt-block-spacer-_72749d-e1\"><div class=\"kt-block-spacer kt-block-spacer-halign-center\"><\/div><\/div>\n\n\n\n<h3 class=\"wp-block-heading\">Pr\u00e9cisez votre demande , et laissez vos coordonn\u00e9es nous vous contacterons.<\/h3>\n\n\n\n<div class=\"wp-block-kadence-spacer aligncenter kt-block-spacer-_6dd8a3-59\"><div class=\"kt-block-spacer kt-block-spacer-halign-center\"><\/div><\/div>\n\n\n\n<div class=\"wp-block-advgb-contact-form advgb-contact-form\"><form method=\"POST\"><div class=\"advgb-form-field advgb-form-field-half\"><input type=\"text\" class=\"advgb-form-input advgb-form-input-name\" placeholder=\"Nom\" name=\"contact_name\" style=\"background-color:#ececec\"\/><\/div><div class=\"advgb-form-field advgb-form-field-half\"><input type=\"email\" class=\"advgb-form-input advgb-form-input-email\" placeholder=\"E-mail\" name=\"contact_email\" style=\"background-color:#ececec\"\/><\/div><div class=\"advgb-form-field advgb-form-field-full\"><textarea class=\"advgb-form-input advgb-form-input-msg\" placeholder=\"Message\" name=\"contact_message\" style=\"background-color:#ececec\"><\/textarea><\/div><div class=\"advgb-grecaptcha clearfix position-left\"><\/div><input type=\"hidden\" name=\"advgb_blockform_nonce_field\" value=\"e441713211\"><div class=\"advgb-form-submit-wrapper\" style=\"text-align:left\"><button class=\"advgb-form-submit\" type=\"submit\" data-success=\"Votre message \u00e0 \u00e9t\u00e9 envoy\u00e9 avec succ\u00e8s.\" data-alert=\"Attention le champ est vide ...\" style=\"background-color:var(--nv-c-2)\">ENVOYER LE MESSAGE<\/button><\/div><\/form><\/div>\n\n\n\n<div style=\"height:64px\" aria-hidden=\"true\" class=\"wp-block-spacer\"><\/div>\n\n\n\n<p class=\"has-text-align-center has-medium-font-size\"><strong>Contact :<\/strong> Thierry Guyonnet au <strong>06 80 74 09 21<\/strong><\/p>\n<style class=\"advgb-styles-renderer\">.wp-block-kadence-spacer.kt-block-spacer-_e97ff0-aa .kt-block-spacer{height:60px;}.wp-block-kadence-spacer.kt-block-spacer-_e97ff0-aa .kt-divider{border-top-width:1px;height:1px;border-top-color:#eee;width:80%;border-top-style:solid;}.wp-block-kadence-spacer.kt-block-spacer-_72749d-e1 .kt-block-spacer{height:60px;}.wp-block-kadence-spacer.kt-block-spacer-_72749d-e1 .kt-divider{border-top-width:1px;height:1px;border-top-color:#eee;width:80%;border-top-style:solid;}.wp-block-kadence-spacer.kt-block-spacer-_6dd8a3-59 .kt-block-spacer{height:36px;}.wp-block-kadence-spacer.kt-block-spacer-_6dd8a3-59 .kt-divider{border-top-width:1px;height:1px;border-top-color:#eee;width:80%;border-top-style:solid;}<\/style>","protected":false},"excerpt":{"rendered":"<p>Veuillez remplir le contact, pour \u00eatre appel\u00e9 ou vous inscrire \u00e0 la prochaine d\u00e9monstration en ligne. Pr\u00e9cisez votre demande , et laissez vos coordonn\u00e9es nous vous contacterons. Contact : Thierry Guyonnet au 06 80 74 09 21<\/p>\n","protected":false},"author":1,"featured_media":0,"parent":0,"menu_order":0,"comment_status":"closed","ping_status":"closed","template":"","meta":{"advgb_blocks_editor_width":"","advgb_blocks_columns_visual_guide":"","neve_meta_sidebar":"","neve_meta_container":"","neve_meta_enable_content_width":"","neve_meta_content_width":0,"neve_meta_title_alignment":"","neve_meta_author_avatar":"","neve_post_elements_order":"","neve_meta_disable_header":"","neve_meta_disable_footer":"","neve_meta_disable_title":"","_themeisle_gutenberg_block_has_review":false,"footnotes":""},"class_list":["post-42","page","type-page","status-publish","hentry"],"coauthors":[],"author_meta":{"author_link":"https:\/\/guide-connect.com\/index.php\/author\/admin5435\/","display_name":"admin5435"},"relative_dates":{"created":"Publi\u00e9 3 ans il y a","modified":"Mis \u00e0 jour 3 ans il y a"},"absolute_dates":{"created":"Publi\u00e9 le 20 septembre 2023","modified":"Mise \u00e0 jour le 20 septembre 2023"},"absolute_dates_time":{"created":"Publi\u00e9 le 20 septembre 2023 16h31","modified":"Mise \u00e0 jour le 20 septembre 2023 16h31"},"featured_img_caption":"","featured_img":false,"series_order":"","_links":{"self":[{"href":"https:\/\/guide-connect.com\/index.php\/wp-json\/wp\/v2\/pages\/42","targetHints":{"allow":["GET"]}}],"collection":[{"href":"https:\/\/guide-connect.com\/index.php\/wp-json\/wp\/v2\/pages"}],"about":[{"href":"https:\/\/guide-connect.com\/index.php\/wp-json\/wp\/v2\/types\/page"}],"author":[{"embeddable":true,"href":"https:\/\/guide-connect.com\/index.php\/wp-json\/wp\/v2\/users\/1"}],"replies":[{"embeddable":true,"href":"https:\/\/guide-connect.com\/index.php\/wp-json\/wp\/v2\/comments?post=42"}],"version-history":[{"count":1,"href":"https:\/\/guide-connect.com\/index.php\/wp-json\/wp\/v2\/pages\/42\/revisions"}],"predecessor-version":[{"id":43,"href":"https:\/\/guide-connect.com\/index.php\/wp-json\/wp\/v2\/pages\/42\/revisions\/43"}],"wp:attachment":[{"href":"https:\/\/guide-connect.com\/index.php\/wp-json\/wp\/v2\/media?parent=42"}],"curies":[{"name":"wp","href":"https:\/\/api.w.org\/{rel}","templated":true}]}}