{"id":44,"date":"2023-09-20T16:32:39","date_gmt":"2023-09-20T14:32:39","guid":{"rendered":"https:\/\/guide-connect.com\/?page_id=44"},"modified":"2023-09-20T16:32:40","modified_gmt":"2023-09-20T14:32:40","slug":"presse-et-temoignage","status":"publish","type":"page","link":"https:\/\/guide-connect.com\/index.php\/presse-et-temoignage\/","title":{"rendered":"Presse et t\u00e9moignage"},"content":{"rendered":"\n<div class=\"wp-block-kadence-spacer aligncenter kt-block-spacer-_10b4e1-17\"><div class=\"kt-block-spacer kt-block-spacer-halign-center\"><hr class=\"kt-divider\"\/><\/div><\/div>\n\n\n<div class=\"wp-block-themezee-magazine-blocks-list tz-magazine-block\"><div class=\"tz-magazine-list tz-magazine-list-30-70\"><div class=\"tz-post-wrap\"><article id=\"post-111\" class=\"tz-magazine-post post-111 post tz-type-post status-publish format-standard has-post-thumbnail hentry category-presse category-presse-salons\"><div class=\"tz-post-image\"><figure class=\"tz-entry-image entry-image\"><a href=\"https:\/\/guide-connect.com\/index.php\/2023\/09\/20\/rencontre-museo-idf-pratiques-professionnelles-et-de-cooperation-autour-des-expositions-en-ligne\/\" rel=\"bookmark\"><img loading=\"lazy\" decoding=\"async\" width=\"2560\" height=\"1920\" src=\"https:\/\/guide-connect.com\/wp-content\/uploads\/2023\/09\/img_4375-scaled-1.jpg\" class=\"attachment-full size-full wp-post-image\" alt=\"\" srcset=\"https:\/\/guide-connect.com\/wp-content\/uploads\/2023\/09\/img_4375-scaled-1.jpg 2560w, https:\/\/guide-connect.com\/wp-content\/uploads\/2023\/09\/img_4375-scaled-1-300x225.jpg 300w, https:\/\/guide-connect.com\/wp-content\/uploads\/2023\/09\/img_4375-scaled-1-1024x768.jpg 1024w, https:\/\/guide-connect.com\/wp-content\/uploads\/2023\/09\/img_4375-scaled-1-768x576.jpg 768w, https:\/\/guide-connect.com\/wp-content\/uploads\/2023\/09\/img_4375-scaled-1-1536x1152.jpg 1536w, https:\/\/guide-connect.com\/wp-content\/uploads\/2023\/09\/img_4375-scaled-1-2048x1536.jpg 2048w\" sizes=\"auto, (max-width: 2560px) 100vw, 2560px\" \/><\/a><\/figure><\/div><div class=\"tz-post-content\"><header class=\"tz-entry-header entry-header\"><h2 class=\"tz-entry-title entry-title\"><a href=\"https:\/\/guide-connect.com\/index.php\/2023\/09\/20\/rencontre-museo-idf-pratiques-professionnelles-et-de-cooperation-autour-des-expositions-en-ligne\/\" rel=\"bookmark\">Rencontre Mus\u00e9o IDF \u00abPratiques professionnelles et de coop\u00e9ration autour des expositions en ligne\u00bb.<\/a><\/h2><div class=\"tz-entry-meta entry-meta\"><span class=\"tz-meta-date meta-date tz-meta-field\"><a href=\"https:\/\/guide-connect.com\/index.php\/2023\/09\/20\/rencontre-museo-idf-pratiques-professionnelles-et-de-cooperation-autour-des-expositions-en-ligne\/\" title=\"16h58\" rel=\"bookmark\"><time class=\"published updated\" datetime=\"2023-09-20T16:58:38+02:00\">20 septembre 2023<\/time><\/a><\/span><\/div><\/header><div class=\"tz-entry-content entry-content\"><p>Notre participation \u00e0 la s\u00e9rie de r\u00e9unions intitul\u00e9e &quot;Pratiques professionnelles et de coop\u00e9ration autour des expositions en ligne&quot; a permis de pr\u00e9senter notre collaboration avec le mus\u00e9e Hospice comtesse pour l&#039;exposition Pasquero. Comment s&#039;est d\u00e9roul\u00e9e cette participation, quelles <span class=\"tz-excerpt-more\">[&hellip;]<\/span><\/p><p class=\"tz-read-more read-more\"><a href=\"https:\/\/guide-connect.com\/index.php\/2023\/09\/20\/rencontre-museo-idf-pratiques-professionnelles-et-de-cooperation-autour-des-expositions-en-ligne\/\" class=\"tz-more-link more-link\" rel=\"bookmark\">En savoir plus<\/a><\/p><\/div><\/div><\/article><\/div><div class=\"tz-post-wrap\"><article id=\"post-109\" class=\"tz-magazine-post post-109 post tz-type-post status-publish format-standard has-post-thumbnail hentry category-presse-salons category-salons\"><div class=\"tz-post-image\"><figure class=\"tz-entry-image entry-image\"><a href=\"https:\/\/guide-connect.com\/index.php\/2023\/09\/20\/heritech-2022\/\" rel=\"bookmark\"><img loading=\"lazy\" decoding=\"async\" width=\"2560\" height=\"1920\" src=\"https:\/\/guide-connect.com\/wp-content\/uploads\/2023\/09\/img_4953-scaled-1.jpg\" class=\"attachment-full size-full wp-post-image\" alt=\"\" srcset=\"https:\/\/guide-connect.com\/wp-content\/uploads\/2023\/09\/img_4953-scaled-1.jpg 2560w, https:\/\/guide-connect.com\/wp-content\/uploads\/2023\/09\/img_4953-scaled-1-300x225.jpg 300w, https:\/\/guide-connect.com\/wp-content\/uploads\/2023\/09\/img_4953-scaled-1-1024x768.jpg 1024w, https:\/\/guide-connect.com\/wp-content\/uploads\/2023\/09\/img_4953-scaled-1-768x576.jpg 768w, https:\/\/guide-connect.com\/wp-content\/uploads\/2023\/09\/img_4953-scaled-1-1536x1152.jpg 1536w, https:\/\/guide-connect.com\/wp-content\/uploads\/2023\/09\/img_4953-scaled-1-2048x1536.jpg 2048w\" sizes=\"auto, (max-width: 2560px) 100vw, 2560px\" \/><\/a><\/figure><\/div><div class=\"tz-post-content\"><header class=\"tz-entry-header entry-header\"><h2 class=\"tz-entry-title entry-title\"><a href=\"https:\/\/guide-connect.com\/index.php\/2023\/09\/20\/heritech-2022\/\" rel=\"bookmark\">HERITECH 2022<\/a><\/h2><div class=\"tz-entry-meta entry-meta\"><span class=\"tz-meta-date meta-date tz-meta-field\"><a href=\"https:\/\/guide-connect.com\/index.php\/2023\/09\/20\/heritech-2022\/\" title=\"16h58\" rel=\"bookmark\"><time class=\"published updated\" datetime=\"2023-09-20T16:58:10+02:00\">20 septembre 2023<\/time><\/a><\/span><\/div><\/header><div class=\"tz-entry-content entry-content\"><p>GUIDE CONNECT, LA VISITE VIRTUELLE P\u00c9DAGOGIQUE GUID\u00c9E \u00c0 DISTANCE A l\u2019occasion du salon HeriTech 2023 nous pr\u00e9sentons GUIDE CONNECT, la visite virtuelle guid\u00e9e \u00e0 distance.\u00a0Elle est le fruit de la rencontre d\u2019Immersiv3d et de Kidiwe, organisateur de sorties <span class=\"tz-excerpt-more\">[&hellip;]<\/span><\/p><p class=\"tz-read-more read-more\"><a href=\"https:\/\/guide-connect.com\/index.php\/2023\/09\/20\/heritech-2022\/\" class=\"tz-more-link more-link\" rel=\"bookmark\">En savoir plus<\/a><\/p><\/div><\/div><\/article><\/div><div class=\"tz-post-wrap\"><article id=\"post-52\" class=\"tz-magazine-post post-52 post tz-type-post status-publish format-standard has-post-thumbnail hentry category-presse category-presse-salons category-salons\"><div class=\"tz-post-image\"><figure class=\"tz-entry-image entry-image\"><a href=\"https:\/\/guide-connect.com\/index.php\/2023\/02\/15\/la-presence-de-guide-connect-sur-les-salons-professionnels\/\" rel=\"bookmark\"><img loading=\"lazy\" decoding=\"async\" width=\"930\" height=\"620\" src=\"https:\/\/guide-connect.com\/wp-content\/uploads\/2023\/09\/Stand-salon-AMIF-930x620-1.jpg\" class=\"attachment-full size-full wp-post-image\" alt=\"\" srcset=\"https:\/\/guide-connect.com\/wp-content\/uploads\/2023\/09\/Stand-salon-AMIF-930x620-1.jpg 930w, https:\/\/guide-connect.com\/wp-content\/uploads\/2023\/09\/Stand-salon-AMIF-930x620-1-300x200.jpg 300w, https:\/\/guide-connect.com\/wp-content\/uploads\/2023\/09\/Stand-salon-AMIF-930x620-1-768x512.jpg 768w\" sizes=\"auto, (max-width: 930px) 100vw, 930px\" \/><\/a><\/figure><\/div><div class=\"tz-post-content\"><header class=\"tz-entry-header entry-header\"><h2 class=\"tz-entry-title entry-title\"><a href=\"https:\/\/guide-connect.com\/index.php\/2023\/02\/15\/la-presence-de-guide-connect-sur-les-salons-professionnels\/\" rel=\"bookmark\">La pr\u00e9sence de VISIO GUIDE-CONNECT sur les salons professionnels<\/a><\/h2><div class=\"tz-entry-meta entry-meta\"><span class=\"tz-meta-date meta-date tz-meta-field\"><a href=\"https:\/\/guide-connect.com\/index.php\/2023\/02\/15\/la-presence-de-guide-connect-sur-les-salons-professionnels\/\" title=\"16h41\" rel=\"bookmark\"><time class=\"published updated\" datetime=\"2023-02-15T16:41:00+01:00\">15 f\u00e9vrier 2023<\/time><\/a><\/span><\/div><\/header><div class=\"tz-entry-content entry-content\"><p>En tant que soci\u00e9t\u00e9 sp\u00e9cialis\u00e9e dans la cr\u00e9ation de visites virtuelles en 3D, IMMERSIV3D a particip\u00e9 \u00e0 plusieurs \u00e9v\u00e9nements professionnels depuis 2019, dont les suivants : Janvier 2022 et 2023: MUSEUM CONNECTIONS Le salon Museum Connections : Si <span class=\"tz-excerpt-more\">[&hellip;]<\/span><\/p><p class=\"tz-read-more read-more\"><a href=\"https:\/\/guide-connect.com\/index.php\/2023\/02\/15\/la-presence-de-guide-connect-sur-les-salons-professionnels\/\" class=\"tz-more-link more-link\" rel=\"bookmark\">En savoir plus<\/a><\/p><\/div><\/div><\/article><\/div><\/div><\/div><style class=\"advgb-styles-renderer\">.wp-block-kadence-spacer.kt-block-spacer-_10b4e1-17 .kt-block-spacer{height:115px;}.wp-block-kadence-spacer.kt-block-spacer-_10b4e1-17 .kt-divider{border-top-width:1px;height:1px;border-top-color:#eee;width:80%;border-top-style:solid;}<\/style>","protected":false},"excerpt":{"rendered":"","protected":false},"author":1,"featured_media":0,"parent":0,"menu_order":0,"comment_status":"closed","ping_status":"closed","template":"","meta":{"advgb_blocks_editor_width":"","advgb_blocks_columns_visual_guide":"","neve_meta_sidebar":"","neve_meta_container":"","neve_meta_enable_content_width":"","neve_meta_content_width":0,"neve_meta_title_alignment":"","neve_meta_author_avatar":"","neve_post_elements_order":"","neve_meta_disable_header":"","neve_meta_disable_footer":"","neve_meta_disable_title":"","_themeisle_gutenberg_block_has_review":false,"footnotes":""},"class_list":["post-44","page","type-page","status-publish","hentry"],"coauthors":[],"author_meta":{"author_link":"https:\/\/guide-connect.com\/index.php\/author\/admin5435\/","display_name":"admin5435"},"relative_dates":{"created":"Publi\u00e9 3 ans il y a","modified":"Mis \u00e0 jour 3 ans il y a"},"absolute_dates":{"created":"Publi\u00e9 le 20 septembre 2023","modified":"Mise \u00e0 jour le 20 septembre 2023"},"absolute_dates_time":{"created":"Publi\u00e9 le 20 septembre 2023 16h32","modified":"Mise \u00e0 jour le 20 septembre 2023 16h32"},"featured_img_caption":"","featured_img":false,"series_order":"","_links":{"self":[{"href":"https:\/\/guide-connect.com\/index.php\/wp-json\/wp\/v2\/pages\/44","targetHints":{"allow":["GET"]}}],"collection":[{"href":"https:\/\/guide-connect.com\/index.php\/wp-json\/wp\/v2\/pages"}],"about":[{"href":"https:\/\/guide-connect.com\/index.php\/wp-json\/wp\/v2\/types\/page"}],"author":[{"embeddable":true,"href":"https:\/\/guide-connect.com\/index.php\/wp-json\/wp\/v2\/users\/1"}],"replies":[{"embeddable":true,"href":"https:\/\/guide-connect.com\/index.php\/wp-json\/wp\/v2\/comments?post=44"}],"version-history":[{"count":1,"href":"https:\/\/guide-connect.com\/index.php\/wp-json\/wp\/v2\/pages\/44\/revisions"}],"predecessor-version":[{"id":45,"href":"https:\/\/guide-connect.com\/index.php\/wp-json\/wp\/v2\/pages\/44\/revisions\/45"}],"wp:attachment":[{"href":"https:\/\/guide-connect.com\/index.php\/wp-json\/wp\/v2\/media?parent=44"}],"curies":[{"name":"wp","href":"https:\/\/api.w.org\/{rel}","templated":true}]}}