{"id":46,"date":"2023-09-20T16:36:07","date_gmt":"2023-09-20T14:36:07","guid":{"rendered":"https:\/\/guide-connect.com\/?page_id=46"},"modified":"2023-09-20T16:36:08","modified_gmt":"2023-09-20T14:36:08","slug":"tarif","status":"publish","type":"page","link":"https:\/\/guide-connect.com\/index.php\/tarif\/","title":{"rendered":"tarif"},"content":{"rendered":"\n<div style=\"height:45px\" aria-hidden=\"true\" class=\"wp-block-spacer\"><\/div>\n\n\n\n<h2 class=\"wp-block-heading has-text-align-center\">TARIFS HT<\/h2>\n\n\nNe pas trouver la table requise\n\n\n\n<div style=\"height:75px\" aria-hidden=\"true\" class=\"wp-block-spacer\"><\/div>\n\n\n\n<h2 class=\"wp-block-heading has-text-align-center has-nv-c-2-color has-text-color\"><strong>SPECIFICATIONS DISPONIBLES POUR TOUTES LES FORMULES<\/strong><\/h2>\n\n\n\n<div class=\"wp-block-kadence-iconlist kt-svg-icon-list-items kt-svg-icon-list-items_d3475b-29 kt-svg-icon-list-columns-2 alignnone kt-list-icon-aligntop kt-tablet-svg-icon-list-columns-1 kt-mobile-svg-icon-list-columns-1\"><ul class=\"kt-svg-icon-list\">\n<li class=\"wp-block-kadence-listitem kt-svg-icon-list-item-wrap kt-svg-icon-list-style-default\"><span class=\"kb-svg-icon-wrap kb-svg-icon-fe_arrowRightCircle kt-svg-icon-list-single\"><svg viewBox=\"0 0 24 24\"  fill=\"none\" stroke=\"currentColor\" stroke-width=\"1\" stroke-linecap=\"round\" stroke-linejoin=\"round\" xmlns=\"http:\/\/www.w3.org\/2000\/svg\" ><circle cx=\"12\" cy=\"12\" r=\"10\"\/><polyline points=\"12 16 16 12 12 8\"\/><line x1=\"8\" y1=\"12\" x2=\"16\" y2=\"12\"\/><\/svg><\/span><span class=\"kt-svg-icon-list-text\">Visio<\/span><\/li>\n\n\n\n<li class=\"wp-block-kadence-listitem kt-svg-icon-list-item-wrap kt-svg-icon-list-style-default\"><span class=\"kb-svg-icon-wrap kb-svg-icon-fe_arrowRightCircle kt-svg-icon-list-single\"><svg viewBox=\"0 0 24 24\"  fill=\"none\" stroke=\"currentColor\" stroke-width=\"1\" stroke-linecap=\"round\" stroke-linejoin=\"round\" xmlns=\"http:\/\/www.w3.org\/2000\/svg\" ><circle cx=\"12\" cy=\"12\" r=\"10\"\/><polyline points=\"12 16 16 12 12 8\"\/><line x1=\"8\" y1=\"12\" x2=\"16\" y2=\"12\"\/><\/svg><\/span><span class=\"kt-svg-icon-list-text\">Chat<\/span><\/li>\n\n\n\n<li class=\"wp-block-kadence-listitem kt-svg-icon-list-item-wrap kt-svg-icon-list-style-default\"><span class=\"kb-svg-icon-wrap kb-svg-icon-fe_arrowRightCircle kt-svg-icon-list-single\"><svg viewBox=\"0 0 24 24\"  fill=\"none\" stroke=\"currentColor\" stroke-width=\"1\" stroke-linecap=\"round\" stroke-linejoin=\"round\" xmlns=\"http:\/\/www.w3.org\/2000\/svg\" ><circle cx=\"12\" cy=\"12\" r=\"10\"\/><polyline points=\"12 16 16 12 12 8\"\/><line x1=\"8\" y1=\"12\" x2=\"16\" y2=\"12\"\/><\/svg><\/span><span class=\"kt-svg-icon-list-text\">Cr\u00e9ation de QCM<\/span><\/li>\n\n\n\n<li class=\"wp-block-kadence-listitem kt-svg-icon-list-item-wrap kt-svg-icon-list-style-default\"><span class=\"kb-svg-icon-wrap kb-svg-icon-fe_arrowRightCircle kt-svg-icon-list-single\"><svg viewBox=\"0 0 24 24\"  fill=\"none\" stroke=\"currentColor\" stroke-width=\"1\" stroke-linecap=\"round\" stroke-linejoin=\"round\" xmlns=\"http:\/\/www.w3.org\/2000\/svg\" ><circle cx=\"12\" cy=\"12\" r=\"10\"\/><polyline points=\"12 16 16 12 12 8\"\/><line x1=\"8\" y1=\"12\" x2=\"16\" y2=\"12\"\/><\/svg><\/span><span class=\"kt-svg-icon-list-text\">Cr\u00e9ation de points d&rsquo;int\u00e9r\u00eats &#8211; cartels<\/span><\/li>\n\n\n\n<li class=\"wp-block-kadence-listitem kt-svg-icon-list-item-wrap kt-svg-icon-list-style-default\"><span class=\"kb-svg-icon-wrap kb-svg-icon-fe_arrowRightCircle kt-svg-icon-list-single\"><svg viewBox=\"0 0 24 24\"  fill=\"none\" stroke=\"currentColor\" stroke-width=\"1\" stroke-linecap=\"round\" stroke-linejoin=\"round\" xmlns=\"http:\/\/www.w3.org\/2000\/svg\" ><circle cx=\"12\" cy=\"12\" r=\"10\"\/><polyline points=\"12 16 16 12 12 8\"\/><line x1=\"8\" y1=\"12\" x2=\"16\" y2=\"12\"\/><\/svg><\/span><span class=\"kt-svg-icon-list-text\">Les visiteurs peuvent prendre le contr\u00f4le de leur visite \u00e0 tout moment<\/span><\/li>\n\n\n\n<li class=\"wp-block-kadence-listitem kt-svg-icon-list-item-wrap kt-svg-icon-list-style-default\"><span class=\"kb-svg-icon-wrap kb-svg-icon-fe_arrowRightCircle kt-svg-icon-list-single\"><svg viewBox=\"0 0 24 24\"  fill=\"none\" stroke=\"currentColor\" stroke-width=\"1\" stroke-linecap=\"round\" stroke-linejoin=\"round\" xmlns=\"http:\/\/www.w3.org\/2000\/svg\" ><circle cx=\"12\" cy=\"12\" r=\"10\"\/><polyline points=\"12 16 16 12 12 8\"\/><line x1=\"8\" y1=\"12\" x2=\"16\" y2=\"12\"\/><\/svg><\/span><span class=\"kt-svg-icon-list-text\">Gamification des parcours<\/span><\/li>\n\n\n\n<li class=\"wp-block-kadence-listitem kt-svg-icon-list-item-wrap kt-svg-icon-list-style-default\"><span class=\"kb-svg-icon-wrap kb-svg-icon-fe_arrowRightCircle kt-svg-icon-list-single\"><svg viewBox=\"0 0 24 24\"  fill=\"none\" stroke=\"currentColor\" stroke-width=\"1\" stroke-linecap=\"round\" stroke-linejoin=\"round\" xmlns=\"http:\/\/www.w3.org\/2000\/svg\" ><circle cx=\"12\" cy=\"12\" r=\"10\"\/><polyline points=\"12 16 16 12 12 8\"\/><line x1=\"8\" y1=\"12\" x2=\"16\" y2=\"12\"\/><\/svg><\/span><span class=\"kt-svg-icon-list-text\">Possibilit\u00e9s de passer d&rsquo;une \u0153uvre \u00e0 l&rsquo;autre<\/span><\/li>\n\n\n\n<li class=\"wp-block-kadence-listitem kt-svg-icon-list-item-wrap kt-svg-icon-list-style-default\"><span class=\"kb-svg-icon-wrap kb-svg-icon-fe_arrowRightCircle kt-svg-icon-list-single\"><svg viewBox=\"0 0 24 24\"  fill=\"none\" stroke=\"currentColor\" stroke-width=\"1\" stroke-linecap=\"round\" stroke-linejoin=\"round\" xmlns=\"http:\/\/www.w3.org\/2000\/svg\" ><circle cx=\"12\" cy=\"12\" r=\"10\"\/><polyline points=\"12 16 16 12 12 8\"\/><line x1=\"8\" y1=\"12\" x2=\"16\" y2=\"12\"\/><\/svg><\/span><span class=\"kt-svg-icon-list-text\">A la fin de la session guid\u00e9e, le visiteur peut rester en ligne pour visiter seul les espaces<\/span><\/li>\n<\/ul><\/div>\n\n\n\n\n\n\n\n<div style=\"height:75px\" aria-hidden=\"true\" class=\"wp-block-spacer\"><\/div>\n<style class=\"advgb-styles-renderer\">.wp-block-kadence-iconlist.kt-svg-icon-list-items_d3475b-29 ul.kt-svg-icon-list:not(.this-prevents-issues):not(.this-stops-third-party-issues):not(.tijsloc){margin-top:20px;margin-right:20px;margin-bottom:50px;margin-left:20px;}.wp-block-kadence-iconlist.kt-svg-icon-list-items_d3475b-29 ul.kt-svg-icon-list{grid-row-gap:3px;}.wp-block-kadence-iconlist.kt-svg-icon-list-items_d3475b-29 ul.kt-svg-icon-list .kt-svg-icon-list-item-wrap .kt-svg-icon-list-single{margin-right:31px;}.kt-svg-icon-list-items_d3475b-29 ul.kt-svg-icon-list .kt-svg-icon-list-item-wrap, .kt-svg-icon-list-items_d3475b-29 ul.kt-svg-icon-list .kt-svg-icon-list-item-wrap a{color:var(--nv-c-2);font-size:21px;text-transform:none;color:var(--nv-c-2);}@media all and (min-width: 1025px){.wp-block-kadence-iconlist.kt-svg-icon-list-items_d3475b-29:not(.kt-svg-icon-list-columns-1) ul.kt-svg-icon-list .kt-svg-icon-list-item-wrap:not(:last-child){margin:0px;}}@media all and (max-width: 1024px){.wp-block-kadence-iconlist.kt-svg-icon-list-items_d3475b-29 ul.kt-svg-icon-list{grid-row-gap:3px;}}@media all and (max-width: 767px){.wp-block-kadence-iconlist.kt-svg-icon-list-items_d3475b-29 ul.kt-svg-icon-list{grid-row-gap:3px;}.kt-svg-icon-list-items_d3475b-29 ul.kt-svg-icon-list .kt-svg-icon-list-item-wrap, .kt-svg-icon-list-items_d3475b-29 ul.kt-svg-icon-list .kt-svg-icon-list-item-wrap a{font-size:18px;line-height:26px;}}.kt-svg-icon-list-item- .kt-svg-icon-list-single{font-size:28px !important;color:var(--nv-c-2) !important;}.kt-svg-icon-list-item- .kt-svg-icon-list-single{font-size:28px !important;color:var(--nv-c-2) !important;}.kt-svg-icon-list-item- .kt-svg-icon-list-single{font-size:28px !important;color:var(--nv-c-2) !important;}.kt-svg-icon-list-item- .kt-svg-icon-list-single{font-size:28px !important;color:var(--nv-c-2) !important;}.kt-svg-icon-list-item- .kt-svg-icon-list-single{font-size:28px !important;color:var(--nv-c-2) !important;}.kt-svg-icon-list-item- .kt-svg-icon-list-single{font-size:28px !important;color:var(--nv-c-2) !important;}.kt-svg-icon-list-item- .kt-svg-icon-list-single{font-size:28px !important;color:var(--nv-c-2) !important;}.kt-svg-icon-list-item- .kt-svg-icon-list-single{font-size:28px !important;color:var(--nv-c-2) !important;}<\/style>","protected":false},"excerpt":{"rendered":"<p>TARIFS HT SPECIFICATIONS DISPONIBLES POUR TOUTES LES FORMULES<\/p>\n","protected":false},"author":1,"featured_media":0,"parent":0,"menu_order":0,"comment_status":"closed","ping_status":"closed","template":"","meta":{"advgb_blocks_editor_width":"","advgb_blocks_columns_visual_guide":"","neve_meta_sidebar":"","neve_meta_container":"","neve_meta_enable_content_width":"","neve_meta_content_width":0,"neve_meta_title_alignment":"","neve_meta_author_avatar":"","neve_post_elements_order":"","neve_meta_disable_header":"","neve_meta_disable_footer":"","neve_meta_disable_title":"","_themeisle_gutenberg_block_has_review":false,"footnotes":""},"class_list":["post-46","page","type-page","status-publish","hentry"],"coauthors":[],"author_meta":{"author_link":"https:\/\/guide-connect.com\/index.php\/author\/admin5435\/","display_name":"admin5435"},"relative_dates":{"created":"Publi\u00e9 3 ans il y a","modified":"Mis \u00e0 jour 3 ans il y a"},"absolute_dates":{"created":"Publi\u00e9 le 20 septembre 2023","modified":"Mise \u00e0 jour le 20 septembre 2023"},"absolute_dates_time":{"created":"Publi\u00e9 le 20 septembre 2023 16h36","modified":"Mise \u00e0 jour le 20 septembre 2023 16h36"},"featured_img_caption":"","featured_img":false,"series_order":"","_links":{"self":[{"href":"https:\/\/guide-connect.com\/index.php\/wp-json\/wp\/v2\/pages\/46","targetHints":{"allow":["GET"]}}],"collection":[{"href":"https:\/\/guide-connect.com\/index.php\/wp-json\/wp\/v2\/pages"}],"about":[{"href":"https:\/\/guide-connect.com\/index.php\/wp-json\/wp\/v2\/types\/page"}],"author":[{"embeddable":true,"href":"https:\/\/guide-connect.com\/index.php\/wp-json\/wp\/v2\/users\/1"}],"replies":[{"embeddable":true,"href":"https:\/\/guide-connect.com\/index.php\/wp-json\/wp\/v2\/comments?post=46"}],"version-history":[{"count":1,"href":"https:\/\/guide-connect.com\/index.php\/wp-json\/wp\/v2\/pages\/46\/revisions"}],"predecessor-version":[{"id":47,"href":"https:\/\/guide-connect.com\/index.php\/wp-json\/wp\/v2\/pages\/46\/revisions\/47"}],"wp:attachment":[{"href":"https:\/\/guide-connect.com\/index.php\/wp-json\/wp\/v2\/media?parent=46"}],"curies":[{"name":"wp","href":"https:\/\/api.w.org\/{rel}","templated":true}]}}